{"id":7,"date":"2018-11-09T19:44:06","date_gmt":"2018-11-09T19:44:06","guid":{"rendered":"http:\/\/buekoblu.myhostpoint.ch\/?page_id=7"},"modified":"2023-12-16T14:06:17","modified_gmt":"2023-12-16T14:06:17","slug":"home","status":"publish","type":"page","link":"https:\/\/nora.buek.ch\/","title":{"rendered":"Home"},"content":{"rendered":"<p>Willkommen auf meiner Webseite f\u00fcr Fans von Reisen mit Motorrad und E-Bike. Aber auch f\u00fcr Menschen mit Freude an der Natur und den Tieren, an alle Abenteurer und alle Freiheitsliebende.<\/p>\n<p>Urspr\u00fcnglich war diese Webseite als Plattform zum \u00dcben gedacht, da ich f\u00fcr meine damalige Firma die Webseite auf WordPress aktualisieren durfte.<\/p>\n<p>In der Zwischenzeit ist in meinem Leben und dem meiner Familie soviel passiert, dass diese Seite einen ganz neuen Stellenwert in meinem Leben einnehmen wird.<\/p>\n<p style=\"text-align: center;\"><strong>Willkommen, Welcome, Benvenuti, Bienvenido, Bienvenu<\/strong><\/p>\n<p><code id=\"envira_shortcode_id_118\"><\/code><\/p>\n","protected":false},"excerpt":{"rendered":"<p>Willkommen auf meiner Webseite f\u00fcr Fans von Reisen mit Motorrad und E-Bike. Aber auch f\u00fcr Menschen mit Freude an der Natur und den Tieren, an alle Abenteurer und alle Freiheitsliebende. Urspr\u00fcnglich war diese Webseite als Plattform zum \u00dcben gedacht, da ich f\u00fcr meine damalige Firma die Webseite auf WordPress aktualisieren durfte. In der Zwischenzeit ist in meinem Leben und dem meiner Familie soviel passiert, dass diese Seite einen ganz neuen Stellenwert in meinem Leben einnehmen wird. Willkommen, Welcome, Benvenuti, Bienvenido, Bienvenu<\/p>\n","protected":false},"author":1,"featured_media":175,"parent":0,"menu_order":0,"comment_status":"closed","ping_status":"closed","template":"","meta":{"footnotes":""},"class_list":["post-7","page","type-page","status-publish","has-post-thumbnail","hentry"],"jetpack_sharing_enabled":true,"_links":{"self":[{"href":"https:\/\/nora.buek.ch\/index.php\/wp-json\/wp\/v2\/pages\/7","targetHints":{"allow":["GET"]}}],"collection":[{"href":"https:\/\/nora.buek.ch\/index.php\/wp-json\/wp\/v2\/pages"}],"about":[{"href":"https:\/\/nora.buek.ch\/index.php\/wp-json\/wp\/v2\/types\/page"}],"author":[{"embeddable":true,"href":"https:\/\/nora.buek.ch\/index.php\/wp-json\/wp\/v2\/users\/1"}],"replies":[{"embeddable":true,"href":"https:\/\/nora.buek.ch\/index.php\/wp-json\/wp\/v2\/comments?post=7"}],"version-history":[{"count":3,"href":"https:\/\/nora.buek.ch\/index.php\/wp-json\/wp\/v2\/pages\/7\/revisions"}],"predecessor-version":[{"id":721,"href":"https:\/\/nora.buek.ch\/index.php\/wp-json\/wp\/v2\/pages\/7\/revisions\/721"}],"wp:featuredmedia":[{"embeddable":true,"href":"https:\/\/nora.buek.ch\/index.php\/wp-json\/wp\/v2\/media\/175"}],"wp:attachment":[{"href":"https:\/\/nora.buek.ch\/index.php\/wp-json\/wp\/v2\/media?parent=7"}],"curies":[{"name":"wp","href":"https:\/\/api.w.org\/{rel}","templated":true}]}}